{"id":17572,"date":"2026-04-28T08:52:56","date_gmt":"2026-04-28T08:52:56","guid":{"rendered":"https:\/\/www.pebblephototravel.com\/product\/from-marck-to-mont-saint-michel-pre-order\/"},"modified":"2026-05-15T13:31:55","modified_gmt":"2026-05-15T13:31:55","slug":"from-marck-to-mont-saint-michel-pre-order","status":"publish","type":"product","link":"https:\/\/www.pebblephototravel.com\/fr\/produit\/from-marck-to-mont-saint-michel-pre-order\/","title":{"rendered":"De Marck \u00e0 Mont-Saint-Michel \u2013 Pre-Order"},"content":{"rendered":"<section class=\"product-faq\">\n<div class=\"product-faq__inner\">\n<h2 class=\"product-faq__title\">Questions fr\u00e9quentes<\/h2>\n<div class=\"product-faq__list\">\n<details class=\"product-faq__item\">\n<summary>Qu\u2019est-ce qu\u2019un livre photo Pebble Photo Travel ?<\/summary>\n<div class=\"product-faq__content\">\n<p>Imaginez-vous en train de feuilleter un livre photo et de tomber sur l\u2019image d\u2019un village de montagne abandonn\u00e9 en Espagne, ou d\u2019un littoral sauvage balay\u00e9 par les vents en Norv\u00e8ge. Cette image vous arr\u00eate net \u2014 et soudain, elle devient votre prochaine destination. Non pas parce qu\u2019elle figure sur une liste de lieux \u00e0 voir, mais parce qu\u2019elle \u00e9veille quelque chose de profond en vous. Avec Pebble Photo Travel, vous voyagez litt\u00e9ralement de photographie en photographie, chaque image vous servant de guide. Chaque page est une destination qui n\u2019attend qu\u2019\u00e0 \u00eatre visit\u00e9e, et l\u2019ensemble forme un magnifique itin\u00e9raire.    <\/p>\n<\/div>\n<\/details>\n<details class=\"product-faq__item\">\n<summary>Qu\u2019est-ce que l\u2019\u00c9dition Sp\u00e9ciale Luxe ?<\/summary>\n<div class=\"product-faq__content\">\n<p>L\u2019\u00c9dition Sp\u00e9ciale Luxe est notre version premium du livre photo, con\u00e7ue selon les normes les plus \u00e9lev\u00e9es. Elle se compose de pages \u00e0 ouverture bien \u00e0 plat, imprim\u00e9es sur du v\u00e9ritable papier photographique de 220 g\/m\u00b2 (Fujifilm Digital Professional DP II), et b\u00e9n\u00e9ficie d\u2019une finition avec une luxueuse couverture en lin. C\u2019est un objet de collection intemporel, fabriqu\u00e9 \u00e0 la main et con\u00e7u pour durer toute une vie.  <\/p>\n<\/div>\n<\/details>\n<details class=\"product-faq__item\">\n<summary>Que signifie \u00ab ouverture \u00e0 plat \u00bb ?<\/summary>\n<div class=\"product-faq__content\">\n<p>L\u2019ouverture \u00e0 plat signifie que lorsque le livre est ouvert, les pages reposent compl\u00e8tement \u00e0 plat, sans aucune courbure ni ombre au niveau de la reliure. Cela garantit que les images s\u2019\u00e9tendant sur deux pages s\u2019affichent de mani\u00e8re fluide et sans distorsion, vous permettant d\u2019appr\u00e9cier pleinement chaque photographie. <\/p>\n<\/div>\n<\/details>\n<details class=\"product-faq__item\">\n<summary>Le livre photo est-il un beau cadeau ?<\/summary>\n<div class=\"product-faq__content\">\n<p>Absolument. Un livre photo Pebble Photo Travel constitue un cadeau vraiment sp\u00e9cial et personnel pour quiconque aime la photographie, le voyage ou la beaut\u00e9 du monde naturel. Sa qualit\u00e9 intemporelle et ses images \u00e9poustouflantes en font un cadeau qui sera ch\u00e9ri pendant des ann\u00e9es.  <\/p>\n<\/div>\n<\/details>\n<\/div>\n<p><a class=\"product-faq__link\" href=\"\/faq\/\">CONSULTEZ NOTRE FAQ<\/a><\/p>\n<\/div>\n<\/section>\n<p><!-- CSS TOEVOEGEN --><\/p>\n<style>\n.faq-images {<br \/>  display: flex;<br \/>  gap: 10px;<br \/>  margin-bottom: 15px;<br \/>  max-width: 420px;   \/* BELANGRIJK: begrenst totale breedte *\/<br \/>}<\/p>\n<p>.faq-images img {<br \/>  width: 100%;<br \/>  max-width: 150px;   \/* maakt elke afbeelding kleiner *\/<br \/>  height: auto;<br \/>  object-fit: cover;<br \/>  border-radius: 4px; \/* optioneel: iets netter *\/<br \/>}<\/p>\n<p>\/* mobiel *\/<br \/>@media (max-width: 600px) {<br \/>  .faq-images {<br \/>    flex-direction: column;<br \/>  }<\/p>\n<p>  .faq-images img {<br \/>    width: 100%;<br \/>  }<br \/>}<br \/><\/style>\n","protected":false},"excerpt":{"rendered":"<p class=\"p1\"><span>Ce livre suit le littoral du nord de la France jusqu\u2019en Normandie \u2014 de Marck dans le Pas-de-Calais jusqu\u2019au Mont-Saint-Michel. Cette partie de la France est souvent associ\u00e9e \u00e0 des falaises spectaculaires et \u00e0 l\u2019histoire de la guerre. Et oui, on peut ressentir cette histoire. Mais ce qui nous a le plus frapp\u00e9s, c\u2019est tout ce qu\u2019elle offre de plus. Van Marck tot Mont-Saint-Michel est un livre photo qui vous emm\u00e8ne dans un voyage que vous n\u2019auriez peut-\u00eatre jamais envisag\u00e9 \u2014 mais que vous n\u2019oublierez pas de sit\u00f4t.    <\/span><\/p>\n<p><span class=\"gt3_highlighter\" style=\"background-color: #ff5c00; color: #ffffff;\">Premi\u00e8re \u00e9dition de collection :<br data-start=\"1817\" data-end=\"1820\"><span>Les 50 premiers exemplaires incluent une \u00e9dition sign\u00e9e et un tirage d\u2019art. <\/span><em data-start=\"1900\" data-end=\"1974\">Pr\u00e9commandez d\u00e8s maintenant \u2014 l\u2019exp\u00e9dition commencera d\u00e8s l\u2019impression de la premi\u00e8re \u00e9dition.<\/em><\/span><\/p>\n","protected":false},"featured_media":17575,"template":"","meta":[],"product_brand":[],"product_cat":[280],"product_tag":[],"class_list":{"0":"post-17572","1":"product","2":"type-product","3":"status-publish","4":"has-post-thumbnail","6":"product_cat-livres","7":"product_shipping_class-livres","9":"first","10":"instock","11":"sale","12":"taxable","13":"shipping-taxable","14":"purchasable","15":"product-type-simple"},"jetpack_sharing_enabled":true,"_links":{"self":[{"href":"https:\/\/www.pebblephototravel.com\/fr\/wp-json\/wp\/v2\/product\/17572","targetHints":{"allow":["GET"]}}],"collection":[{"href":"https:\/\/www.pebblephototravel.com\/fr\/wp-json\/wp\/v2\/product"}],"about":[{"href":"https:\/\/www.pebblephototravel.com\/fr\/wp-json\/wp\/v2\/types\/product"}],"version-history":[{"count":1,"href":"https:\/\/www.pebblephototravel.com\/fr\/wp-json\/wp\/v2\/product\/17572\/revisions"}],"predecessor-version":[{"id":17757,"href":"https:\/\/www.pebblephototravel.com\/fr\/wp-json\/wp\/v2\/product\/17572\/revisions\/17757"}],"wp:featuredmedia":[{"embeddable":true,"href":"https:\/\/www.pebblephototravel.com\/fr\/wp-json\/wp\/v2\/media\/17575"}],"wp:attachment":[{"href":"https:\/\/www.pebblephototravel.com\/fr\/wp-json\/wp\/v2\/media?parent=17572"}],"wp:term":[{"taxonomy":"product_brand","embeddable":true,"href":"https:\/\/www.pebblephototravel.com\/fr\/wp-json\/wp\/v2\/product_brand?post=17572"},{"taxonomy":"product_cat","embeddable":true,"href":"https:\/\/www.pebblephototravel.com\/fr\/wp-json\/wp\/v2\/product_cat?post=17572"},{"taxonomy":"product_tag","embeddable":true,"href":"https:\/\/www.pebblephototravel.com\/fr\/wp-json\/wp\/v2\/product_tag?post=17572"}],"curies":[{"name":"wp","href":"https:\/\/api.w.org\/{rel}","templated":true}]}}