{"id":17546,"date":"2026-04-21T18:28:51","date_gmt":"2026-04-21T18:28:51","guid":{"rendered":"https:\/\/www.pebblephototravel.com\/product\/le-vieux-bassin-open-edition\/"},"modified":"2026-04-21T18:28:51","modified_gmt":"2026-04-21T18:28:51","slug":"le-vieux-bassin-open-edition","status":"publish","type":"product","link":"https:\/\/www.pebblephototravel.com\/fr\/produit\/le-vieux-bassin-open-edition\/","title":{"rendered":"Le Vieux-Bassin \u2013 Open Edition"},"content":{"rendered":"<section class=\"product-faq\">\n<div class=\"product-faq__inner\">\n<h2 class=\"product-faq__title\">Questions fr\u00e9quentes<\/h2>\n<div class=\"product-faq__list\">\n<details class=\"product-faq__item\">\n<summary>Quelle est la diff\u00e9rence entre une \u00c9dition Ouverte et une \u00c9dition Limit\u00e9e ?<\/summary>\n<div class=\"product-faq__content\">\n<p>La principale diff\u00e9rence r\u00e9side dans l\u2019exclusivit\u00e9 et la disponibilit\u00e9. Une \u00c9dition Limit\u00e9e est produite en un nombre d\u2019exemplaires strictement d\u00e9fini, chacun \u00e9tant num\u00e9rot\u00e9 et sign\u00e9, et ne sera plus disponible une fois \u00e9puis\u00e9e. Une \u00c9dition Ouverte ne comporte aucune restriction de ce type et reste disponible ind\u00e9finiment, ce qui en fait une excellente option pour ceux qui souhaitent simplement profiter d\u2019une belle image dans leur maison ou leur bureau.\n<\/p>\n<\/p><\/div>\n<\/details>\n<details class=\"product-faq__item\">\n<summary>Puis-je commander les tirages avec un cadre ?<\/summary>\n<div class=\"product-faq__content\">\n<p>Oui, nos \u00c9ditions Ouvertes et \u00c9ditions Limit\u00e9es peuvent \u00eatre encadr\u00e9es ou mont\u00e9es sur dibond. Vous \u00eates int\u00e9ress\u00e9 ? N\u2019h\u00e9sitez pas \u00e0 nous contacter \u00e0 l\u2019adresse <g id=\"gid_1\"><a href=\"mailto:prints@pebblephototravel.com\">prints@pebblephototravel.com<\/a><\/g><g id=\"gid_2\"> pour discuter de vos id\u00e9es et de vos pr\u00e9f\u00e9rences.<\/g>  <\/p>\n<\/p><\/div>\n<\/details>\n<details class=\"product-faq__item\">\n<summary>Sur quel papier les tirages sont-ils produits ?<\/summary>\n<div class=\"product-faq__content\">\n<p>          <!-- NIEUWE WRAPPER --><\/p>\n<div class=\"faq-images\">\n            <img data-recalc-dims=\"1\" decoding=\"async\" src=\"https:\/\/i0.wp.com\/www.pebblephototravel.com\/wp-content\/uploads\/2026\/04\/Hahnemuhle1.webp?w=940&#038;ssl=1\" alt=\"\"><br \/>\n            <img data-recalc-dims=\"1\" decoding=\"async\" src=\"https:\/\/i0.wp.com\/www.pebblephototravel.com\/wp-content\/uploads\/2026\/04\/Hahnemuhle2.webp?w=940&#038;ssl=1\" alt=\"\"><br \/>\n            <img data-recalc-dims=\"1\" decoding=\"async\" src=\"https:\/\/i0.wp.com\/www.pebblephototravel.com\/wp-content\/uploads\/2026\/04\/Hahnemuhle3.webp?w=940&#038;ssl=1\" alt=\"\">\n          <\/div>\n<p><strong>Hahnem\u00fchle German Etching &#8211; Fine Art avec texture<\/strong><\/p>\n<p>Le Hahnem\u00fchle German Etching est un papier traditionnel pour gravure \u00e0 l\u2019eau-forte, fabriqu\u00e9 sur une machine \u00e0 forme ronde et dot\u00e9 d\u2019un couchage jet d\u2019encre sp\u00e9cialement d\u00e9velopp\u00e9 pour les applications Fine Art. Ce papier d\u2019artiste blanc, compos\u00e9 \u00e0 100 % d\u2019alpha-cellulose, se caract\u00e9rise par une texture velout\u00e9e exceptionnellement douce et une structure de feutre fine et clairement d\u00e9finie. <\/p>\n<p>La texture de surface unique conf\u00e8re aux images un accent v\u00e9ritablement distinctif, les pr\u00e9sentant dans toute leur splendeur avec un effet tridimensionnel impressionnant et une profondeur immense. Le couchage jet d\u2019encre mat premium garantit des r\u00e9sultats d\u2019impression exceptionnels avec une excellente reproduction des couleurs et des d\u00e9tails, des tons noirs profonds et un contraste optimal. <\/p>\n<p>Tous les tirages sont recouverts d\u2019un vernis ou d\u2019un spray protecteur pour garantir des propri\u00e9t\u00e9s d\u2019archivage et une r\u00e9sistance au vieillissement de plus de 100 ans.<\/p>\n<\/p><\/div>\n<\/details>\n<details class=\"product-faq__item\">\n<summary>Combien de temps les couleurs durent-elles ?<\/summary>\n<div class=\"product-faq__content\">\n<p>Gr\u00e2ce au couchage jet d\u2019encre premium du papier Hahnem\u00fchle German Etching et \u00e0 l\u2019utilisation d\u2019encres de haute qualit\u00e9, les tirages sont con\u00e7us pour durer des d\u00e9cennies sans se d\u00e9colorer \u2014 \u00e0 condition qu\u2019ils soient expos\u00e9s et conserv\u00e9s correctement.<\/p>\n<\/p><\/div>\n<\/details><\/div>\n<p>    <a class=\"product-faq__link\" href=\"\/faq\/\">CONSULTER NOTRE FAQ<\/a>\n  <\/div>\n<\/section>\n<p><!-- CSS TOEVOEGEN --><\/p>\n<style>\n.faq-images {\n  display: flex;\n  gap: 10px;\n  margin-bottom: 15px;\n  max-width: 420px;   \/* BELANGRIJK: begrenst totale breedte *\/\n}<\/p>\n<p>.faq-images img {\n  width: 100%;\n  max-width: 150px;   \/* maakt elke afbeelding kleiner *\/\n  height: auto;\n  object-fit: cover;\n  border-radius: 4px; \/* optioneel: iets netter *\/\n}<\/p>\n<p>\/* mobiel *\/\n@media (max-width: 600px) {\n  .faq-images {\n    flex-direction: column;\n  }<\/p>\n<p>  .faq-images img {\n    width: 100%;\n  }\n}\n<\/style>\n","protected":false},"excerpt":{"rendered":"<p>Questions fr\u00e9quentes Quelle est la diff\u00e9rence entre une \u00c9dition Ouverte et une \u00c9dition Limit\u00e9e ? La principale diff\u00e9rence r\u00e9side dans l\u2019exclusivit\u00e9 et la disponibilit\u00e9. Une \u00c9dition Limit\u00e9e est produite en un nombre d\u2019exemplaires strictement d\u00e9fini, chacun \u00e9tant num\u00e9rot\u00e9 et sign\u00e9, et ne sera plus disponible une fois \u00e9puis\u00e9e. Une \u00c9dition Ouverte ne comporte aucune restriction [&hellip;]<\/p>\n","protected":false},"featured_media":16197,"template":"","meta":[],"product_brand":[],"product_cat":[287],"product_tag":[],"class_list":{"0":"post-17546","1":"product","2":"type-product","3":"status-publish","4":"has-post-thumbnail","6":"product_cat-edition-ouverte","8":"first","9":"instock","10":"taxable","11":"shipping-taxable","12":"purchasable","13":"product-type-variable"},"jetpack_sharing_enabled":true,"_links":{"self":[{"href":"https:\/\/www.pebblephototravel.com\/fr\/wp-json\/wp\/v2\/product\/17546","targetHints":{"allow":["GET"]}}],"collection":[{"href":"https:\/\/www.pebblephototravel.com\/fr\/wp-json\/wp\/v2\/product"}],"about":[{"href":"https:\/\/www.pebblephototravel.com\/fr\/wp-json\/wp\/v2\/types\/product"}],"version-history":[{"count":0,"href":"https:\/\/www.pebblephototravel.com\/fr\/wp-json\/wp\/v2\/product\/17546\/revisions"}],"wp:featuredmedia":[{"embeddable":true,"href":"https:\/\/www.pebblephototravel.com\/fr\/wp-json\/wp\/v2\/media\/16197"}],"wp:attachment":[{"href":"https:\/\/www.pebblephototravel.com\/fr\/wp-json\/wp\/v2\/media?parent=17546"}],"wp:term":[{"taxonomy":"product_brand","embeddable":true,"href":"https:\/\/www.pebblephototravel.com\/fr\/wp-json\/wp\/v2\/product_brand?post=17546"},{"taxonomy":"product_cat","embeddable":true,"href":"https:\/\/www.pebblephototravel.com\/fr\/wp-json\/wp\/v2\/product_cat?post=17546"},{"taxonomy":"product_tag","embeddable":true,"href":"https:\/\/www.pebblephototravel.com\/fr\/wp-json\/wp\/v2\/product_tag?post=17546"}],"curies":[{"name":"wp","href":"https:\/\/api.w.org\/{rel}","templated":true}]}}