{"id":17380,"date":"2026-04-17T12:31:58","date_gmt":"2026-04-17T12:31:58","guid":{"rendered":"https:\/\/www.pebblephototravel.com\/product\/bunker-limited-edition\/"},"modified":"2026-04-17T12:31:58","modified_gmt":"2026-04-17T12:31:58","slug":"bunker-limited-edition","status":"publish","type":"product","link":"https:\/\/www.pebblephototravel.com\/fr\/produit\/bunker-limited-edition\/","title":{"rendered":"Bunker \u2013 Limited Edition"},"content":{"rendered":"<section class=\"product-faq\">\n<div class=\"product-faq__inner\">\n<h2 class=\"product-faq__title\">Questions fr\u00e9quentes<\/h2>\n<div class=\"product-faq__list\">\n<details class=\"product-faq__item\">\n<summary>Puis-je commander les tirages avec un cadre ?<\/summary>\n<div class=\"product-faq__content\">\n<p>Oui, nos Fine Art Prints et Limited Editions peuvent \u00eatre encadr\u00e9s ou mont\u00e9s sur dibond. Int\u00e9ress\u00e9 ? N&rsquo;h\u00e9sitez pas \u00e0 nous contacter \u00e0 <a href=\"mailto:prints@pebblephototravel.com\">prints@pebblephototravel.com<\/a> pour discuter de vos id\u00e9es et pr\u00e9f\u00e9rences.  <\/p>\n<\/p><\/div>\n<\/details>\n<details class=\"product-faq__item\">\n<summary>Sur quel papier les tirages sont-ils produits ?<\/summary>\n<div class=\"product-faq__content\">\n<p>          <!-- NIEUWE WRAPPER --><\/p>\n<div class=\"faq-images\">\n            <img data-recalc-dims=\"1\" decoding=\"async\" src=\"https:\/\/i0.wp.com\/www.pebblephototravel.com\/wp-content\/uploads\/2026\/04\/Hahnemuhle1.webp?w=940&#038;ssl=1\" alt=\"\"><br \/>\n            <img data-recalc-dims=\"1\" decoding=\"async\" src=\"https:\/\/i0.wp.com\/www.pebblephototravel.com\/wp-content\/uploads\/2026\/04\/Hahnemuhle2.webp?w=940&#038;ssl=1\" alt=\"\"><br \/>\n            <img data-recalc-dims=\"1\" decoding=\"async\" src=\"https:\/\/i0.wp.com\/www.pebblephototravel.com\/wp-content\/uploads\/2026\/04\/Hahnemuhle3.webp?w=940&#038;ssl=1\" alt=\"\">\n          <\/div>\n<p><strong>Hahnem\u00fchle German Etching &#8211; Fine Art avec texture<\/strong><\/p>\n<p>Le Hahnem\u00fchle German Etching est un papier traditionnel pour gravure \u00e0 l\u2019eau-forte, fabriqu\u00e9 sur une machine \u00e0 forme ronde et dot\u00e9 d\u2019un couchage jet d\u2019encre sp\u00e9cialement d\u00e9velopp\u00e9 pour les applications Fine Art. Ce papier d\u2019artiste blanc, compos\u00e9 \u00e0 100 % d\u2019alpha-cellulose, se caract\u00e9rise par une texture velout\u00e9e exceptionnellement douce et une structure de feutre fine et clairement d\u00e9finie. <\/p>\n<p>La texture de surface unique conf\u00e8re aux images un accent v\u00e9ritablement distinctif, les pr\u00e9sentant dans toute leur splendeur avec un effet tridimensionnel impressionnant et une profondeur immense. Le couchage jet d\u2019encre mat premium garantit des r\u00e9sultats d\u2019impression exceptionnels avec une excellente reproduction des couleurs et des d\u00e9tails, des tons noirs profonds et un contraste optimal. <\/p>\n<p>Tous les tirages sont recouverts d\u2019un vernis ou d\u2019un spray protecteur pour garantir des propri\u00e9t\u00e9s d\u2019archivage et une r\u00e9sistance au vieillissement de plus de 100 ans.<\/p>\n<\/p><\/div>\n<\/details>\n<details class=\"product-faq__item\">\n<summary>Combien d\u2019exemplaires sont r\u00e9alis\u00e9s pour chaque tirage ?<\/summary>\n<div class=\"product-faq__content\">\n<p>Chaque tirage en \u00c9dition Limit\u00e9e est produit en s\u00e9rie limit\u00e9e par format.<\/p>\n<p><strong>Portrait Print<\/strong><br \/>30&#215;40 cm (25)<br \/>50&#215;67 cm (15)<br \/>80&#215;107 cm (10)<\/p>\n<p><strong>Landscape Print<\/strong><br \/>30&#215;45 cm (25)<br \/>50&#215;75 cm (15)<br \/>70&#215;105 cm (10)<\/p>\n<\/p><\/div>\n<\/details>\n<details class=\"product-faq__item\">\n<summary>Le tirage est-il accompagn\u00e9 d\u2019un certificat d\u2019authenticit\u00e9 ?<\/summary>\n<div class=\"product-faq__content\">\n<p>Oui, chaque print Limited Edition est accompagn\u00e9 d&rsquo;un certificat d&rsquo;authenticit\u00e9 personnalis\u00e9, mentionnant le titre de l&rsquo;image, le num\u00e9ro d&rsquo;\u00e9dition et la signature du photographe.<\/p>\n<\/p><\/div>\n<\/details><\/div>\n<p>    <a class=\"product-faq__link\" href=\"\/faq\/\">CONSULTEZ NOS QUESTIONS FR\u00c9QUENTES<\/a>\n  <\/div>\n<\/section>\n<p><!-- CSS TOEVOEGEN --><\/p>\n<style>\n.faq-images {\n  display: flex;\n  gap: 10px;\n  margin-bottom: 15px;\n  max-width: 420px;   \/* BELANGRIJK: begrenst totale breedte *\/\n}<\/p>\n<p>.faq-images img {\n  width: 100%;\n  max-width: 150px;   \/* maakt elke afbeelding kleiner *\/\n  height: auto;\n  object-fit: cover;\n  border-radius: 4px; \/* optioneel: iets netter *\/\n}<\/p>\n<p>\/* mobiel *\/\n@media (max-width: 600px) {\n  .faq-images {\n    flex-direction: column;\n  }<\/p>\n<p>  .faq-images img {\n    width: 100%;\n  }\n}\n<\/style>\n","protected":false},"excerpt":{"rendered":"<p>Questions fr\u00e9quentes Puis-je commander les tirages avec un cadre ? Oui, nos Fine Art Prints et Limited Editions peuvent \u00eatre encadr\u00e9s ou mont\u00e9s sur dibond. Int\u00e9ress\u00e9 ? N&rsquo;h\u00e9sitez pas \u00e0 nous contacter \u00e0 prints@pebblephototravel.com pour discuter de vos id\u00e9es et pr\u00e9f\u00e9rences. Sur quel papier les tirages sont-ils produits ? Hahnem\u00fchle German Etching &#8211; Fine Art [&hellip;]<\/p>\n","protected":false},"featured_media":16178,"template":"","meta":[],"product_brand":[],"product_cat":[285],"product_tag":[],"class_list":{"0":"post-17380","1":"product","2":"type-product","3":"status-publish","4":"has-post-thumbnail","6":"product_cat-edition-limitee","8":"first","9":"instock","10":"taxable","11":"shipping-taxable","12":"purchasable","13":"product-type-variable"},"jetpack_sharing_enabled":true,"_links":{"self":[{"href":"https:\/\/www.pebblephototravel.com\/fr\/wp-json\/wp\/v2\/product\/17380","targetHints":{"allow":["GET"]}}],"collection":[{"href":"https:\/\/www.pebblephototravel.com\/fr\/wp-json\/wp\/v2\/product"}],"about":[{"href":"https:\/\/www.pebblephototravel.com\/fr\/wp-json\/wp\/v2\/types\/product"}],"version-history":[{"count":0,"href":"https:\/\/www.pebblephototravel.com\/fr\/wp-json\/wp\/v2\/product\/17380\/revisions"}],"wp:featuredmedia":[{"embeddable":true,"href":"https:\/\/www.pebblephototravel.com\/fr\/wp-json\/wp\/v2\/media\/16178"}],"wp:attachment":[{"href":"https:\/\/www.pebblephototravel.com\/fr\/wp-json\/wp\/v2\/media?parent=17380"}],"wp:term":[{"taxonomy":"product_brand","embeddable":true,"href":"https:\/\/www.pebblephototravel.com\/fr\/wp-json\/wp\/v2\/product_brand?post=17380"},{"taxonomy":"product_cat","embeddable":true,"href":"https:\/\/www.pebblephototravel.com\/fr\/wp-json\/wp\/v2\/product_cat?post=17380"},{"taxonomy":"product_tag","embeddable":true,"href":"https:\/\/www.pebblephototravel.com\/fr\/wp-json\/wp\/v2\/product_tag?post=17380"}],"curies":[{"name":"wp","href":"https:\/\/api.w.org\/{rel}","templated":true}]}}