{"id":17148,"date":"2025-01-22T10:11:14","date_gmt":"2025-01-22T10:11:14","guid":{"rendered":"https:\/\/www.pebblephototravel.com\/accueil-minimaliste\/"},"modified":"2026-05-13T18:04:22","modified_gmt":"2026-05-13T18:04:22","slug":"accueil-minimaliste","status":"publish","type":"page","link":"https:\/\/www.pebblephototravel.com\/fr\/","title":{"rendered":"Accueil minimaliste"},"content":{"rendered":"\t\t<div data-elementor-type=\"wp-page\" data-elementor-id=\"17148\" class=\"elementor elementor-17148 elementor-62\">\n\t\t\t\t<div class=\"elementor-element elementor-element-a08c604 e-con-full e-flex e-con e-parent\" data-id=\"a08c604\" data-element_type=\"container\" data-e-type=\"container\" data-settings=\"{&quot;background_background&quot;:&quot;classic&quot;}\">\n\t\t<div class=\"elementor-element elementor-element-441e32a e-con-full e-flex e-con e-child\" data-id=\"441e32a\" data-element_type=\"container\" data-e-type=\"container\">\n\t\t<div class=\"elementor-element elementor-element-5a36257 e-con-full e-flex e-con e-child\" data-id=\"5a36257\" data-element_type=\"container\" data-e-type=\"container\">\n\t\t\t\t<div class=\"elementor-element elementor-element-cb5d946 elementor-invisible elementor-widget elementor-widget-heading\" data-id=\"cb5d946\" data-element_type=\"widget\" data-e-type=\"widget\" data-settings=\"{&quot;_animation&quot;:&quot;fadeInUp&quot;}\" data-widget_type=\"heading.default\">\n\t\t\t\t<div class=\"elementor-widget-container\">\n\t\t\t\t\t<h2 class=\"elementor-heading-title elementor-size-default\">photography<\/h2>\t\t\t\t<\/div>\n\t\t\t\t<\/div>\n\t\t\t\t<\/div>\n\t\t<div class=\"elementor-element elementor-element-ce59503 e-con-full e-flex e-con e-child\" data-id=\"ce59503\" data-element_type=\"container\" data-e-type=\"container\">\n\t\t<div class=\"elementor-element elementor-element-61aa944 e-con-full e-flex e-con e-child\" data-id=\"61aa944\" data-element_type=\"container\" data-e-type=\"container\">\n\t\t\t\t<div class=\"elementor-element-custom_font_size elementor-element-custom_line_height elementor-element-custom_font_weight elementor-element-custom_color elementor-element elementor-element-79c0dfa elementor-widget elementor-widget-text-editor\" data-id=\"79c0dfa\" data-element_type=\"widget\" data-e-type=\"widget\" data-widget_type=\"text-editor.default\">\n\t\t\t\t<div class=\"elementor-widget-container\">\n\t\t\t\t\t\t\t\t\t<p>+31 6 46 43 2207<br>hello@pebblephototravel.com<\/p>\t\t\t\t\t\t\t\t<\/div>\n\t\t\t\t<\/div>\n\t\t\t\t<div class=\"elementor-element-custom_font_size elementor-element-custom_line_height elementor-element-custom_font_weight elementor-element-custom_color elementor-element elementor-element-23c8de7 elementor-widget elementor-widget-text-editor\" data-id=\"23c8de7\" data-element_type=\"widget\" data-e-type=\"widget\" data-widget_type=\"text-editor.default\">\n\t\t\t\t<div class=\"elementor-widget-container\">\n\t\t\t\t\t\t\t\t\t<p>Molenakkers 4M<br>5721 WR Asten<\/p>\t\t\t\t\t\t\t\t<\/div>\n\t\t\t\t<\/div>\n\t\t\t\t<\/div>\n\t\t<div class=\"elementor-element elementor-element-ec54d76 e-con-full e-flex e-con e-child\" data-id=\"ec54d76\" data-element_type=\"container\" data-e-type=\"container\">\n\t\t\t\t<div class=\"elementor-element elementor-element-08cb7e0 elementor-invisible elementor-widget elementor-widget-heading\" data-id=\"08cb7e0\" data-element_type=\"widget\" data-e-type=\"widget\" data-settings=\"{&quot;_animation&quot;:&quot;fadeInUp&quot;}\" data-widget_type=\"heading.default\">\n\t\t\t\t<div class=\"elementor-widget-container\">\n\t\t\t\t\t<h2 class=\"elementor-heading-title elementor-size-default\">that lasts<\/h2>\t\t\t\t<\/div>\n\t\t\t\t<\/div>\n\t\t\t\t<\/div>\n\t\t\t\t<\/div>\n\t\t\t\t<\/div>\n\t\t\t\t<\/div>\n\t\t<div class=\"elementor-element elementor-element-1ae9d10 e-con-full e-flex e-con e-parent\" data-id=\"1ae9d10\" data-element_type=\"container\" data-e-type=\"container\">\n\t\t<div class=\"elementor-element elementor-element-00a6fc4 e-con-full e-flex e-con e-child\" data-id=\"00a6fc4\" data-element_type=\"container\" data-e-type=\"container\">\n\t\t\t\t<div class=\"elementor-element-custom_font_size elementor-element-custom_font_weight elementor-element-custom_color elementor-element elementor-element-ba1c2d4 elementor-widget elementor-widget-text-editor\" data-id=\"ba1c2d4\" data-element_type=\"widget\" data-e-type=\"widget\" data-widget_type=\"text-editor.default\">\n\t\t\t\t<div class=\"elementor-widget-container\">\n\t\t\t\t\t\t\t\t\t<p>qui nous sommes<\/p>\t\t\t\t\t\t\t\t<\/div>\n\t\t\t\t<\/div>\n\t\t\t\t<div class=\"elementor-element-custom_font_size elementor-element-custom_font_size_tablet elementor-element-custom_font_size_mobile elementor-element-custom_line_height elementor-element-custom_font_weight elementor-element-custom_color elementor-element elementor-element-458bd7f gt3-text-images elementor-invisible elementor-widget elementor-widget-text-editor\" data-id=\"458bd7f\" data-element_type=\"widget\" data-e-type=\"widget\" data-settings=\"{&quot;_animation&quot;:&quot;fadeIn&quot;}\" data-widget_type=\"text-editor.default\">\n\t\t\t\t<div class=\"elementor-widget-container\">\n\t\t\t\t\t\t\t\t\tBienvenue chez <span class=\"gt3-bg-element\" style=\"background-image: url('https:\/\/www.pebblephototravel.com\/wp-content\/uploads\/2026\/03\/text-img-ijsland-01.webp');\"><\/span> Pebble Photo Travel, <span>une autre fa\u00e7on de voyager<\/span>. <span>Chaque photo de nos livres photo soigneusement s\u00e9lectionn\u00e9s est une <span class=\"gt3-bg-element\" style=\"background-image: url('https:\/\/www.pebblephototravel.com\/wp-content\/uploads\/2026\/04\/text-img-ijsland-02.webp');\"><\/span> destination.<\/span>\nVous voyagez de photo en photo.\n\n\nNous pensons aussi que la photographie n\u2019est pas seulement quelque chose <span class=\"gt3-bg-element\" style=\"background-image: url('https:\/\/www.pebblephototravel.com\/wp-content\/uploads\/2026\/04\/text-img-birmingham-01.webp');\"><\/span> que l\u2019on voit, mais quelque chose que l\u2019on ressent.\nC\u2019est pourquoi nous donnons vie \u00e0 nos images sous forme de tirages Fine Art et d\u2019\u00e9ditions limit\u00e9es \u2014 pour celles et ceux qui pr\u00e9f\u00e8rent avoir le monde <span class=\"gt3-bg-element\" style=\"background-image: url('https:\/\/www.pebblephototravel.com\/wp-content\/uploads\/2026\/03\/text-img-lofoten-01.webp');\"><\/span> accroch\u00e9 \u00e0 leur mur.\t\t\t\t\t\t\t\t<\/div>\n\t\t\t\t<\/div>\n\t\t\t\t<div class=\"gt3-core-button--alignment_center elementor-element elementor-element-ee01302 elementor-widget elementor-widget-gt3-core-button\" data-id=\"ee01302\" data-element_type=\"widget\" data-e-type=\"widget\" data-widget_type=\"gt3-core-button.default\">\n\t\t\t\t<div class=\"elementor-widget-container\">\n\t\t\t\t\t\t<div class=\"gt3_module_button_elementor size_custom alignment_center button_icon_icon hover_none \">\n\t\t<a class=\"button_size_elementor_custom alignment_center border_icon_icon hover_none btn_icon_position_right\" href=\"https:\/\/www.pebblephototravel.com\/about-us\/\">\n\t\t\t\t<span class=\"gt3_module_button__container\">\n\t\t\t\t\t\t\t\t\t\t\t<span class=\"gt3_module_button__cover front\"><span class=\"elementor_gt3_btn_text\">En savoir plus<\/span><span class=\"elementor_btn_icon_container\"><span class=\"elementor_gt3_btn_icon \"><\/span><\/span><\/span>\n\t\t\t\t\t\t\t\t\t\t\t\t\t\t\t<\/span>\n\t\t<\/a>\n\t<\/div>\n\n<script type=\"application\/json\" id=\"settings--ee01302\">[]<\/script>\t\t\t\t<\/div>\n\t\t\t\t<\/div>\n\t\t\t\t<\/div>\n\t\t\t\t<\/div>\n\t\t<div class=\"elementor-element elementor-element-9ae80f1 e-con-full e-flex e-con e-parent\" data-id=\"9ae80f1\" data-element_type=\"container\" data-e-type=\"container\" data-settings=\"{&quot;background_background&quot;:&quot;classic&quot;}\">\n\t\t<div class=\"elementor-element elementor-element-be08ccb e-con-full e-flex e-con e-child\" data-id=\"be08ccb\" data-element_type=\"container\" data-e-type=\"container\" data-settings=\"{&quot;background_background&quot;:&quot;classic&quot;}\">\n\t\t<div class=\"elementor-element elementor-element-52061a3 e-con-full e-flex e-con e-child\" data-id=\"52061a3\" data-element_type=\"container\" data-e-type=\"container\">\n\t\t\t\t<\/div>\n\t\t<div class=\"elementor-element elementor-element-754b613 e-con-full e-flex e-con e-child\" data-id=\"754b613\" data-element_type=\"container\" data-e-type=\"container\">\n\t\t<div class=\"elementor-element elementor-element-455b66b e-con-full e-flex e-con e-child\" data-id=\"455b66b\" data-element_type=\"container\" data-e-type=\"container\">\n\t\t\t\t<\/div>\n\t\t\t\t<div class=\"elementor-element-custom_color elementor-element elementor-element-38eaa31 elementor-widget elementor-widget-text-editor\" data-id=\"38eaa31\" data-element_type=\"widget\" data-e-type=\"widget\" data-widget_type=\"text-editor.default\">\n\t\t\t\t<div class=\"elementor-widget-container\">\n\t\t\t\t\t\t\t\t\t<p><span>Ce livre suit le littoral du nord de la France jusqu\u2019en Normandie \u2014 de Marck, dans le Pas-de-Calais, jusqu\u2019au Mont-Saint-Michel. Cette r\u00e9gion de France est souvent associ\u00e9e \u00e0 des falaises spectaculaires et \u00e0 l\u2019histoire de la guerre. Et oui, on peut ressentir cette histoire. Mais ce qui nous a le plus frapp\u00e9s, c\u2019est tout ce qu\u2019elle offre en plus. C\u2019est l\u2019espace \u2014 de vastes plages o\u00f9 l\u2019on peut se retrouver compl\u00e8tement seul. Des mar\u00e9es qui redessinent le paysage heure apr\u00e8s heure. C\u2019est une r\u00e9gion vari\u00e9e. Un instant, vous \u00eates au sommet d\u2019une falaise face \u00e0 la mer ; l\u2019instant d\u2019apr\u00e8s, vous fl\u00e2nez dans un magnifique village.       <\/span><\/p>\t\t\t\t\t\t\t\t<\/div>\n\t\t\t\t<\/div>\n\t\t\t\t<div class=\"gt3-core-button--alignment_center elementor-element elementor-element-53f901b elementor-widget elementor-widget-gt3-core-button\" data-id=\"53f901b\" data-element_type=\"widget\" data-e-type=\"widget\" data-widget_type=\"gt3-core-button.default\">\n\t\t\t\t<div class=\"elementor-widget-container\">\n\t\t\t\t\t\t<div class=\"gt3_module_button_elementor size_normal alignment_center button_icon_none hover_none \">\n\t\t<a class=\"button_size_elementor_normal alignment_center border_icon_none hover_none btn_icon_position_left\" href=\"https:\/\/www.pebblephototravel.com\/shop\/\">\n\t\t\t\t<span class=\"gt3_module_button__container\">\n\t\t\t\t\t\t\t\t\t\t\t<span class=\"gt3_module_button__cover front\"><span class=\"elementor_gt3_btn_text\">PR\u00c9COMMANDEZ<\/span><\/span>\n\t\t\t\t\t\t\t\t\t\t\t\t\t\t\t<\/span>\n\t\t<\/a>\n\t<\/div>\n\n<script type=\"application\/json\" id=\"settings--53f901b\">[]<\/script>\t\t\t\t<\/div>\n\t\t\t\t<\/div>\n\t\t\t\t<\/div>\n\t\t<div class=\"elementor-element elementor-element-17f0466 e-con-full e-flex e-con e-child\" data-id=\"17f0466\" data-element_type=\"container\" data-e-type=\"container\">\n\t\t\t\t<\/div>\n\t\t<div class=\"elementor-element elementor-element-8758a3c e-con-full e-flex e-con e-child\" data-id=\"8758a3c\" data-element_type=\"container\" data-e-type=\"container\">\n\t\t\t\t<\/div>\n\t\t<div class=\"elementor-element elementor-element-6198527 e-con-full e-flex e-con e-child\" data-id=\"6198527\" data-element_type=\"container\" data-e-type=\"container\">\n\t\t\t\t<\/div>\n\t\t<div class=\"elementor-element elementor-element-b378524 e-con-full e-flex e-con e-child\" data-id=\"b378524\" data-element_type=\"container\" data-e-type=\"container\">\n\t\t\t\t<div class=\"elementor-element-custom_font_size elementor-element-custom_line_height elementor-element-custom_font_family elementor-element-custom_font_weight elementor-element elementor-element-1a509d5 elementor-widget elementor-widget-text-editor\" data-id=\"1a509d5\" data-element_type=\"widget\" data-e-type=\"widget\" data-widget_type=\"text-editor.default\">\n\t\t\t\t<div class=\"elementor-widget-container\">\n\t\t\t\t\t\t\t\t\t<p>our new book is in print<\/p>\t\t\t\t\t\t\t\t<\/div>\n\t\t\t\t<\/div>\n\t\t\t\t<\/div>\n\t\t\t\t<\/div>\n\t\t\t\t<\/div>\n\t\t<div class=\"elementor-element elementor-element-7bd6e0b e-con-full e-flex e-con e-parent\" data-id=\"7bd6e0b\" data-element_type=\"container\" data-e-type=\"container\" data-settings=\"{&quot;background_background&quot;:&quot;classic&quot;}\">\n\t\t<div class=\"elementor-element elementor-element-9feea4b e-con-full e-flex e-con e-child\" data-id=\"9feea4b\" data-element_type=\"container\" data-e-type=\"container\" data-settings=\"{&quot;background_background&quot;:&quot;classic&quot;}\">\n\t\t<div class=\"elementor-element elementor-element-00801bc e-con-full e-flex e-con e-child\" data-id=\"00801bc\" data-element_type=\"container\" data-e-type=\"container\">\n\t\t\t\t<\/div>\n\t\t<div class=\"elementor-element elementor-element-ed198ce e-con-full e-flex e-con e-child\" data-id=\"ed198ce\" data-element_type=\"container\" data-e-type=\"container\">\n\t\t<div class=\"elementor-element elementor-element-635c371 e-con-full e-flex e-con e-child\" data-id=\"635c371\" data-element_type=\"container\" data-e-type=\"container\">\n\t\t\t\t<\/div>\n\t\t\t\t<div class=\"elementor-element elementor-element-87cba01 elementor-widget elementor-widget-text-editor\" data-id=\"87cba01\" data-element_type=\"widget\" data-e-type=\"widget\" data-widget_type=\"text-editor.default\">\n\t\t\t\t<div class=\"elementor-widget-container\">\n\t\t\t\t\t\t\t\t\t<p><span>Un tirage Fine Art en \u00e9dition limit\u00e9e est bien plus qu\u2019une simple image \u2014 c\u2019est une pi\u00e8ce de collection \u00e0 la valeur durable. Chaque tirage est produit en quantit\u00e9 limit\u00e9e, garantissant exclusivit\u00e9 et raret\u00e9. La signature de l\u2019artiste apporte une touche personnelle et authentique, tandis que le certificat d\u2019authenticit\u00e9 qui l\u2019accompagne atteste officiellement de son origine et de la taille de l\u2019\u00e9dition. Ainsi, chaque tirage est unique et pr\u00e9cieux, tant sur le plan esth\u00e9tique que pour les collectionneurs. C\u2019est l\u2019occasion de poss\u00e9der une \u0153uvre d\u2019art distinctive qui, non seulement, sublime votre int\u00e9rieur, mais peut aussi prendre de la valeur au fil du temps.    <\/span><\/p>\t\t\t\t\t\t\t\t<\/div>\n\t\t\t\t<\/div>\n\t\t\t\t<div class=\"gt3-core-button--alignment_center elementor-element elementor-element-cefdc25 elementor-widget elementor-widget-gt3-core-button\" data-id=\"cefdc25\" data-element_type=\"widget\" data-e-type=\"widget\" data-widget_type=\"gt3-core-button.default\">\n\t\t\t\t<div class=\"elementor-widget-container\">\n\t\t\t\t\t\t<div class=\"gt3_module_button_elementor size_normal alignment_center button_icon_none hover_none \">\n\t\t<a class=\"button_size_elementor_normal alignment_center border_icon_none hover_none btn_icon_position_left\" href=\"https:\/\/www.pebblephototravel.com\/shop\/\">\n\t\t\t\t<span class=\"gt3_module_button__container\">\n\t\t\t\t\t\t\t\t\t\t\t<span class=\"gt3_module_button__cover front\"><span class=\"elementor_gt3_btn_text\">COMMANDEZ MAINTENANT<\/span><\/span>\n\t\t\t\t\t\t\t\t\t\t\t\t\t\t\t<\/span>\n\t\t<\/a>\n\t<\/div>\n\n<script type=\"application\/json\" id=\"settings--cefdc25\">[]<\/script>\t\t\t\t<\/div>\n\t\t\t\t<\/div>\n\t\t\t\t<\/div>\n\t\t<div class=\"elementor-element elementor-element-0146be9 e-con-full e-flex e-con e-child\" data-id=\"0146be9\" data-element_type=\"container\" data-e-type=\"container\">\n\t\t\t\t<\/div>\n\t\t<div class=\"elementor-element elementor-element-308955f e-con-full e-flex e-con e-child\" data-id=\"308955f\" data-element_type=\"container\" data-e-type=\"container\">\n\t\t\t\t<\/div>\n\t\t<div class=\"elementor-element elementor-element-4b458ef e-con-full e-flex e-con e-child\" data-id=\"4b458ef\" data-element_type=\"container\" data-e-type=\"container\">\n\t\t\t\t<\/div>\n\t\t<div class=\"elementor-element elementor-element-dad85b4 e-con-full e-flex e-con e-child\" data-id=\"dad85b4\" data-element_type=\"container\" data-e-type=\"container\">\n\t\t\t\t<div class=\"elementor-element-custom_font_size elementor-element-custom_line_height elementor-element-custom_font_family elementor-element-custom_font_weight elementor-element elementor-element-b76283f elementor-widget elementor-widget-text-editor\" data-id=\"b76283f\" data-element_type=\"widget\" data-e-type=\"widget\" data-widget_type=\"text-editor.default\">\n\t\t\t\t<div class=\"elementor-widget-container\">\n\t\t\t\t\t\t\t\t\t<p>limited and open art<\/p>\t\t\t\t\t\t\t\t<\/div>\n\t\t\t\t<\/div>\n\t\t\t\t<\/div>\n\t\t\t\t<\/div>\n\t\t\t\t<\/div>\n\t\t<div class=\"elementor-element elementor-element-18192ed8 e-con-full e-flex e-con e-parent\" data-id=\"18192ed8\" data-element_type=\"container\" data-e-type=\"container\" data-settings=\"{&quot;background_background&quot;:&quot;classic&quot;}\">\n\t\t<div class=\"elementor-element elementor-element-7369867f e-con-full e-flex e-con e-child\" data-id=\"7369867f\" data-element_type=\"container\" data-e-type=\"container\">\n\t\t<div class=\"elementor-element elementor-element-4c1f84dd e-con-full e-flex e-con e-child\" data-id=\"4c1f84dd\" data-element_type=\"container\" data-e-type=\"container\">\n\t\t\t\t<div class=\"elementor-element-custom_font_size elementor-element-custom_line_height elementor-element-custom_font_family elementor-element-custom_font_weight elementor-element-custom_color elementor-element elementor-element-263f9bd7 elementor-widget elementor-widget-text-editor\" data-id=\"263f9bd7\" data-element_type=\"widget\" data-e-type=\"widget\" data-widget_type=\"text-editor.default\">\n\t\t\t\t<div class=\"elementor-widget-container\">\n\t\t\t\t\t\t\t\t\t<p>prenons contact<\/p>\t\t\t\t\t\t\t\t<\/div>\n\t\t\t\t<\/div>\n\t\t\t\t<div class=\"elementor-element elementor-element-7e7bf6e elementor-widget elementor-widget-heading\" data-id=\"7e7bf6e\" data-element_type=\"widget\" data-e-type=\"widget\" data-widget_type=\"heading.default\">\n\t\t\t\t<div class=\"elementor-widget-container\">\n\t\t\t\t\t<h2 class=\"elementor-heading-title elementor-size-default\">vous avez une <br> question ?<\/h2>\t\t\t\t<\/div>\n\t\t\t\t<\/div>\n\t\t\t\t<\/div>\n\t\t<div class=\"elementor-element elementor-element-37dc38dc e-con-full e-flex e-con e-child\" data-id=\"37dc38dc\" data-element_type=\"container\" data-e-type=\"container\">\n\t\t\t\t<div class=\"elementor-element elementor-element-457fa119 gt3-main-contact-form elementor-widget elementor-widget-shortcode\" data-id=\"457fa119\" data-element_type=\"widget\" data-e-type=\"widget\" data-widget_type=\"shortcode.default\">\n\t\t\t\t<div class=\"elementor-widget-container\">\n\t\t\t\t\t\t\t<div class=\"elementor-shortcode\"><p class=\"wpcf7-contact-form-not-found\"><strong>Erreur\u00a0:<\/strong> Formulaire de contact non trouv\u00e9\u00a0!<\/p><\/div>\n\t\t\t\t\t\t<\/div>\n\t\t\t\t<\/div>\n\t\t\t\t<\/div>\n\t\t\t\t<\/div>\n\t\t\t\t<\/div>\n\t\t\t\t<\/div>\n\t\t","protected":false},"excerpt":{"rendered":"<p>photography +31 6 46 43 2207hello@pebblephototravel.com Molenakkers 4M5721 WR Asten that lasts qui nous sommes Bienvenue chez Pebble Photo Travel, une autre fa\u00e7on de voyager. Chaque photo de nos livres photo soigneusement s\u00e9lectionn\u00e9s est une destination. Vous voyagez de photo en photo. Nous pensons aussi que la photographie n\u2019est pas seulement quelque chose que l\u2019on [&hellip;]<\/p>\n","protected":false},"author":1,"featured_media":0,"parent":0,"menu_order":0,"comment_status":"closed","ping_status":"closed","template":"","meta":{"footnotes":""},"class_list":["post-17148","page","type-page","status-publish","hentry"],"jetpack_sharing_enabled":true,"_links":{"self":[{"href":"https:\/\/www.pebblephototravel.com\/fr\/wp-json\/wp\/v2\/pages\/17148","targetHints":{"allow":["GET"]}}],"collection":[{"href":"https:\/\/www.pebblephototravel.com\/fr\/wp-json\/wp\/v2\/pages"}],"about":[{"href":"https:\/\/www.pebblephototravel.com\/fr\/wp-json\/wp\/v2\/types\/page"}],"author":[{"embeddable":true,"href":"https:\/\/www.pebblephototravel.com\/fr\/wp-json\/wp\/v2\/users\/1"}],"replies":[{"embeddable":true,"href":"https:\/\/www.pebblephototravel.com\/fr\/wp-json\/wp\/v2\/comments?post=17148"}],"version-history":[{"count":1,"href":"https:\/\/www.pebblephototravel.com\/fr\/wp-json\/wp\/v2\/pages\/17148\/revisions"}],"predecessor-version":[{"id":17149,"href":"https:\/\/www.pebblephototravel.com\/fr\/wp-json\/wp\/v2\/pages\/17148\/revisions\/17149"}],"wp:attachment":[{"href":"https:\/\/www.pebblephototravel.com\/fr\/wp-json\/wp\/v2\/media?parent=17148"}],"curies":[{"name":"wp","href":"https:\/\/api.w.org\/{rel}","templated":true}]}}