{"id":17135,"date":"2026-04-01T11:54:11","date_gmt":"2026-04-01T11:54:11","guid":{"rendered":"https:\/\/www.pebblephototravel.com\/retours\/"},"modified":"2026-05-14T10:27:35","modified_gmt":"2026-05-14T10:27:35","slug":"retours","status":"publish","type":"page","link":"https:\/\/www.pebblephototravel.com\/fr\/retours\/","title":{"rendered":"retours"},"content":{"rendered":"\t\t<div data-elementor-type=\"wp-page\" data-elementor-id=\"17135\" class=\"elementor elementor-17135 elementor-15552\">\n\t\t\t\t<div class=\"elementor-element elementor-element-506f613 e-flex e-con-boxed e-con e-parent\" data-id=\"506f613\" data-element_type=\"container\" data-e-type=\"container\">\n\t\t\t\t\t<div class=\"e-con-inner\">\n\t\t\t\t<div class=\"elementor-element elementor-element-b25f0bf elementor-widget elementor-widget-text-editor\" data-id=\"b25f0bf\" data-element_type=\"widget\" data-e-type=\"widget\" data-widget_type=\"text-editor.default\">\n\t\t\t\t<div class=\"elementor-widget-container\">\n\t\t\t\t\t\t\t\t\t<p class=\"font-claude-response-body break-words whitespace-normal leading-[1.7]\">Chaque produit de Pebble Photo Travel est fabriqu\u00e9 et exp\u00e9di\u00e9 avec le plus grand soin.<\/p><p class=\"font-claude-response-body break-words whitespace-normal leading-[1.7]\"><strong>Livres photo<\/strong> Les livres photo peuvent \u00eatre retourn\u00e9s dans les 14 jours suivant la r\u00e9ception, \u00e0 condition que le livre soit inutilis\u00e9, dans le m\u00eame \u00e9tat que celui dans lequel vous l&rsquo;avez re\u00e7u et dans son emballage d&rsquo;origine. Les frais de retour sont \u00e0 la charge de l&rsquo;acheteur et ne sont pas remboursables. Si vous recevez un remboursement, les frais de retour seront d\u00e9duits de celui-ci.  <\/p><p class=\"font-claude-response-body break-words whitespace-pre-wrap leading-[1.7]\">Veuillez noter que dans les cas suivants, seul un remboursement partiel peut \u00eatre accord\u00e9 : \u2014 Livres pr\u00e9sentant des signes d&rsquo;utilisation \u00e9vidents. \u2014 Articles qui ne sont pas dans leur \u00e9tat d&rsquo;origine ou qui sont endommag\u00e9s. \u2014 Articles retourn\u00e9s plus de 8 jours apr\u00e8s la livraison.  <\/p><p class=\"font-claude-response-body break-words whitespace-normal leading-[1.7]\">D\u00e8s r\u00e9ception et inspection, le montant de l&rsquo;achat sera rembours\u00e9 dans les plus brefs d\u00e9lais.<\/p><p class=\"font-claude-response-body break-words whitespace-normal leading-[1.7]\"><strong>Pour retourner votre produit, veuillez l&rsquo;envoyer \u00e0 :<\/strong> Pebble Photo Travel Kortijzer 1 5721 VE Asten Pays-Bas<\/p><p class=\"font-claude-response-body break-words whitespace-normal leading-[1.7]\">Selon votre lieu de r\u00e9sidence, le d\u00e9lai de livraison d&rsquo;un produit \u00e9chang\u00e9 peut varier. Pour les articles de grande valeur, nous vous recommandons d&rsquo;utiliser un service d&rsquo;exp\u00e9dition avec suivi ou de souscrire une assurance d&rsquo;exp\u00e9dition. Nous ne pouvons garantir que nous recevrons votre article retourn\u00e9.  <\/p><p class=\"font-claude-response-body break-words whitespace-normal leading-[1.7]\"><strong>Tirages d&rsquo;art et \u00e9ditions limit\u00e9es<\/strong> Comme nos tirages d&rsquo;art et \u00e9ditions limit\u00e9es sont produits sur commande, les retours ne sont malheureusement pas possibles.<\/p><p class=\"font-claude-response-body break-words whitespace-normal leading-[1.7]\"><strong>Dommage ou d\u00e9faut de production<\/strong> Votre commande est-elle arriv\u00e9e endommag\u00e9e ou pr\u00e9sente-t-elle un d\u00e9faut de production ? Veuillez nous contacter dans les quatre jours suivant la r\u00e9ception \u00e0 <a class=\"underline underline underline-offset-2 decoration-1 decoration-current\/40 hover:decoration-current focus:decoration-current\" href=\"mailto:orders@pebblephototravel.com\">orders@pebblephototravel.com<\/a>. Incluez une br\u00e8ve description et des photos des dommages. Nous organiserons une solution appropri\u00e9e.   <\/p><p class=\"font-claude-response-body break-words whitespace-normal leading-[1.7]\"><strong>Prix et taxes<\/strong> Tous les prix incluent la TVA n\u00e9erlandaise. Pour les commandes internationales en dehors de l&rsquo;UE, des droits de douane ou des taxes locales peuvent s&rsquo;appliquer. Ces co\u00fbts sont \u00e0 la charge du destinataire.  <\/p><p class=\"font-claude-response-body break-words whitespace-normal leading-[1.7]\"><strong>Exp\u00e9dition<\/strong> En Europe, nous exp\u00e9dions via nos partenaires de confiance PostNL et DHL.<\/p><p class=\"font-claude-response-body break-words whitespace-normal leading-[1.7]\"><strong>Des questions ?<\/strong> N&rsquo;h\u00e9sitez pas \u00e0 nous contacter \u00e0 <a class=\"underline underline underline-offset-2 decoration-1 decoration-current\/40 hover:decoration-current focus:decoration-current\" href=\"mailto:hello@pebblephototravel.com\">hello@pebblephototravel.com<\/a>. Josien se fera un plaisir de vous aider. <\/p>\t\t\t\t\t\t\t\t<\/div>\n\t\t\t\t<\/div>\n\t\t\t\t\t<\/div>\n\t\t\t\t<\/div>\n\t\t\t\t<\/div>\n\t\t","protected":false},"excerpt":{"rendered":"<p>Chaque produit de Pebble Photo Travel est fabriqu\u00e9 et exp\u00e9di\u00e9 avec le plus grand soin. Livres photo Les livres photo peuvent \u00eatre retourn\u00e9s dans les 14 jours suivant la r\u00e9ception, \u00e0 condition que le livre soit inutilis\u00e9, dans le m\u00eame \u00e9tat que celui dans lequel vous l&rsquo;avez re\u00e7u et dans son emballage d&rsquo;origine. Les frais [&hellip;]<\/p>\n","protected":false},"author":1,"featured_media":0,"parent":0,"menu_order":0,"comment_status":"closed","ping_status":"closed","template":"","meta":{"footnotes":""},"class_list":["post-17135","page","type-page","status-publish","hentry"],"jetpack_sharing_enabled":true,"_links":{"self":[{"href":"https:\/\/www.pebblephototravel.com\/fr\/wp-json\/wp\/v2\/pages\/17135","targetHints":{"allow":["GET"]}}],"collection":[{"href":"https:\/\/www.pebblephototravel.com\/fr\/wp-json\/wp\/v2\/pages"}],"about":[{"href":"https:\/\/www.pebblephototravel.com\/fr\/wp-json\/wp\/v2\/types\/page"}],"author":[{"embeddable":true,"href":"https:\/\/www.pebblephototravel.com\/fr\/wp-json\/wp\/v2\/users\/1"}],"replies":[{"embeddable":true,"href":"https:\/\/www.pebblephototravel.com\/fr\/wp-json\/wp\/v2\/comments?post=17135"}],"version-history":[{"count":3,"href":"https:\/\/www.pebblephototravel.com\/fr\/wp-json\/wp\/v2\/pages\/17135\/revisions"}],"predecessor-version":[{"id":17231,"href":"https:\/\/www.pebblephototravel.com\/fr\/wp-json\/wp\/v2\/pages\/17135\/revisions\/17231"}],"wp:attachment":[{"href":"https:\/\/www.pebblephototravel.com\/fr\/wp-json\/wp\/v2\/media?parent=17135"}],"curies":[{"name":"wp","href":"https:\/\/api.w.org\/{rel}","templated":true}]}}